{"id":6,"date":"2016-09-04T19:51:07","date_gmt":"2016-09-04T19:51:07","guid":{"rendered":"http:\/\/saunatrip.ee\/blog\/?page_id=6"},"modified":"2025-01-30T19:30:35","modified_gmt":"2025-01-30T19:30:35","slug":"kontakt","status":"publish","type":"page","link":"https:\/\/saunatrip.ee\/blog\/","title":{"rendered":"Saunatrip O\u00dc"},"content":{"rendered":"\t\t<div data-elementor-type=\"wp-page\" data-elementor-id=\"6\" class=\"elementor elementor-6\">\n\t\t\t\t<div class=\"elementor-element elementor-element-3d5d12d0 e-flex e-con-boxed e-con e-parent\" data-id=\"3d5d12d0\" data-element_type=\"container\" data-settings=\"{&quot;background_background&quot;:&quot;classic&quot;}\">\n\t\t\t\t\t<div class=\"e-con-inner\">\n\t\t\t\t<div class=\"elementor-element elementor-element-0bff279 elementor-widget elementor-widget-heading\" data-id=\"0bff279\" data-element_type=\"widget\" data-widget_type=\"heading.default\">\n\t\t\t\t<div class=\"elementor-widget-container\">\n\t\t\t\t\t<h2 class=\"elementor-heading-title elementor-size-default\">Viimased postitused<\/h2>\t\t\t\t<\/div>\n\t\t\t\t<\/div>\n\t\t\t\t<div class=\"elementor-element elementor-element-b3fca56 elementor-widget elementor-widget-elementskit-blog-posts\" data-id=\"b3fca56\" data-element_type=\"widget\" data-widget_type=\"elementskit-blog-posts.default\">\n\t\t\t\t<div class=\"elementor-widget-container\">\n\t\t\t\t\t<div class=\"ekit-wid-con\" >        <div id=\"post-items--b3fca56\" class=\"row post-items\">\n                    <div class=\"col-lg-4 col-md-6\">\n\n                                    <div class=\"elementskit-post-image-card\">\n                        <div class=\"elementskit-entry-header\">\n                                                            <a href=\"https:\/\/saunatrip.ee\/blog\/taliujumine-ja-saun-mida-silmas-pidada\/\" class=\"elementskit-entry-thumb\">\n                                    <img decoding=\"async\" src=\"https:\/\/saunatrip.ee\/blog\/wp-content\/uploads\/2025\/01\/taliujumine-1024x788.png\" alt=\"Taliujumine ja saun \u2014 mida silmas pidada?\">\n                                <\/a><!-- .elementskit-entry-thumb END -->\n                                                            \n                            \n\t\t\t\t\t\t\t\t\t\t\t\t\t<\/div><!-- .elementskit-entry-header END -->\n\n\t\t\t\t\t\t<div class=\"elementskit-post-body \">\n\t\t\t\t\t\t\t\n\t\t\t\t\t\t\t\t\t\t\t\t\t\t\t\t\t\t\t\t\t\t\t\t\t\t\t\t\t\t\n\t\t\t\t\t\t\t\t\n\t\t\t\t\t\t\t\t\t\t\t\t\t\t\t\t\t\t\t\t\t<h2 class=\"entry-title\">\n\t\t\t\t\t<a href=\"https:\/\/saunatrip.ee\/blog\/taliujumine-ja-saun-mida-silmas-pidada\/\">\n\t\t\t\t\t\tTaliujumine ja saun \u2014 mida silmas pidada?\t\t\t\t\t<\/a>\n\t\t\t\t<\/h2>\n\t\t\t\t\t\t\t\t\t\t\t\t\t\t\t\t\t\t\t\t\t\t\t\t\t\t\t\t\t\t\t\t\t\t\t\t\t\t\t\t\t\t<p>Talisuplemine on viimastel aastatel m\u00e4rgatavalt populaarsust kogunud &#8211; t\u00f5en\u00e4oliselt on&hellip;<\/p>\n\t\t\t\t\t\t\t\t\t\t\t\t\t\t\t\t\t\t\t\t\t\t                                                    <\/div><!-- .elementskit-post-body END -->\n                    <\/div>\n                \n            <\/div>\n                    <div class=\"col-lg-4 col-md-6\">\n\n                                    <div class=\"elementskit-post-image-card\">\n                        <div class=\"elementskit-entry-header\">\n                                                            <a href=\"https:\/\/saunatrip.ee\/blog\/kasulik-nipp-kuidas-valmistada-talveks-varskeid-kasevihtasid\/\" class=\"elementskit-entry-thumb\">\n                                    <img decoding=\"async\" src=\"https:\/\/saunatrip.ee\/blog\/wp-content\/uploads\/2018\/07\/pilt2.png\" alt=\"Kasulik nipp: kuidas valmistada talveks v\u00e4rskeid kasevihtasid?\">\n                                <\/a><!-- .elementskit-entry-thumb END -->\n                                                            \n                            \n\t\t\t\t\t\t\t\t\t\t\t\t\t<\/div><!-- .elementskit-entry-header END -->\n\n\t\t\t\t\t\t<div class=\"elementskit-post-body \">\n\t\t\t\t\t\t\t\n\t\t\t\t\t\t\t\t\t\t\t\t\t\t\t\t\t\t\t\t\t\t\t\t\t\t\t\t\t\t\n\t\t\t\t\t\t\t\t\n\t\t\t\t\t\t\t\t\t\t\t\t\t\t\t\t\t\t\t\t\t<h2 class=\"entry-title\">\n\t\t\t\t\t<a href=\"https:\/\/saunatrip.ee\/blog\/kasulik-nipp-kuidas-valmistada-talveks-varskeid-kasevihtasid\/\">\n\t\t\t\t\t\tKasulik nipp: kuidas valmistada talveks v\u00e4rskeid kasevihtasid?\t\t\t\t\t<\/a>\n\t\t\t\t<\/h2>\n\t\t\t\t\t\t\t\t\t\t\t\t\t\t\t\t\t\t\t\t\t\t\t\t\t\t\t\t\t\t\t\t\t\t\t\t\t\t\t\t\t\t<p>Enamlevinud arusaam on, et kasevihad tuleb valmis teha jaanip\u00e4evaks ning&hellip;<\/p>\n\t\t\t\t\t\t\t\t\t\t\t\t\t\t\t\t\t\t\t\t\t\t                                                    <\/div><!-- .elementskit-post-body END -->\n                    <\/div>\n                \n            <\/div>\n                    <div class=\"col-lg-4 col-md-6\">\n\n                                    <div class=\"elementskit-post-image-card\">\n                        <div class=\"elementskit-entry-header\">\n                                                            <a href=\"https:\/\/saunatrip.ee\/blog\/miks-kasutada-saunamutse\/\" class=\"elementskit-entry-thumb\">\n                                    <img decoding=\"async\" src=\"https:\/\/saunatrip.ee\/blog\/wp-content\/uploads\/2017\/12\/125-e1514253494659.jpg\" alt=\"Saunam\u00fctsid &#8211; milleks?\">\n                                <\/a><!-- .elementskit-entry-thumb END -->\n                                                            \n                            \n\t\t\t\t\t\t\t\t\t\t\t\t\t<\/div><!-- .elementskit-entry-header END -->\n\n\t\t\t\t\t\t<div class=\"elementskit-post-body \">\n\t\t\t\t\t\t\t\n\t\t\t\t\t\t\t\t\t\t\t\t\t\t\t\t\t\t\t\t\t\t\t\t\t\t\t\t\t\t\n\t\t\t\t\t\t\t\t\n\t\t\t\t\t\t\t\t\t\t\t\t\t\t\t\t\t\t\t\t\t<h2 class=\"entry-title\">\n\t\t\t\t\t<a href=\"https:\/\/saunatrip.ee\/blog\/miks-kasutada-saunamutse\/\">\n\t\t\t\t\t\tSaunam\u00fctsid &#8211; milleks?\t\t\t\t\t<\/a>\n\t\t\t\t<\/h2>\n\t\t\t\t\t\t\t\t\t\t\t\t\t\t\t\t\t\t\t\t\t\t\t\t\t\t\t\t\t\t\t\t\t\t\t\t\t\t\t\t\t\t<p>Mis asi on saunam\u00fcts ja milleks saunam\u00fctse saunas kasutada? Tihtipeale&hellip;<\/p>\n\t\t\t\t\t\t\t\t\t\t\t\t\t\t\t\t\t\t\t\t\t\t                                                    <\/div><!-- .elementskit-post-body END -->\n                    <\/div>\n                \n            <\/div>\n                <\/div>\n       <\/div>\t\t\t\t<\/div>\n\t\t\t\t<\/div>\n\t\t\t\t<div class=\"elementor-element elementor-element-6dbb25a elementor-align-center elementor-widget elementor-widget-button\" data-id=\"6dbb25a\" data-element_type=\"widget\" data-widget_type=\"button.default\">\n\t\t\t\t<div class=\"elementor-widget-container\">\n\t\t\t\t\t\t\t\t\t<div class=\"elementor-button-wrapper\">\n\t\t\t\t\t<a class=\"elementor-button elementor-button-link elementor-size-sm\" href=\"https:\/\/saunatrip.ee\/blog\/postitused\/\">\n\t\t\t\t\t\t<span class=\"elementor-button-content-wrapper\">\n\t\t\t\t\t\t\t\t\t<span class=\"elementor-button-text\">Loe k\u00f5iki postitusi<\/span>\n\t\t\t\t\t<\/span>\n\t\t\t\t\t<\/a>\n\t\t\t\t<\/div>\n\t\t\t\t\t\t\t\t<\/div>\n\t\t\t\t<\/div>\n\t\t\t\t\t<\/div>\n\t\t\t\t<\/div>\n\t\t\t\t<\/div>\n\t\t","protected":false},"excerpt":{"rendered":"<p>Viimased postitused Taliujumine ja saun \u2014 mida silmas pidada? Talisuplemine on viimastel aastatel m\u00e4rgatavalt populaarsust kogunud &#8211; t\u00f5en\u00e4oliselt on&hellip; Kasulik nipp: kuidas valmistada talveks v\u00e4rskeid kasevihtasid? Enamlevinud arusaam on, et kasevihad tuleb valmis teha jaanip\u00e4evaks ning&hellip; Saunam\u00fctsid &#8211; milleks? Mis asi on saunam\u00fcts ja milleks saunam\u00fctse saunas kasutada? Tihtipeale&hellip; Loe k\u00f5iki postitusi<\/p>\n","protected":false},"author":1,"featured_media":0,"parent":0,"menu_order":0,"comment_status":"closed","ping_status":"closed","template":"","meta":{"inline_featured_image":false,"footnotes":""},"class_list":["post-6","page","type-page","status-publish","hentry"],"_links":{"self":[{"href":"https:\/\/saunatrip.ee\/blog\/wp-json\/wp\/v2\/pages\/6","targetHints":{"allow":["GET"]}}],"collection":[{"href":"https:\/\/saunatrip.ee\/blog\/wp-json\/wp\/v2\/pages"}],"about":[{"href":"https:\/\/saunatrip.ee\/blog\/wp-json\/wp\/v2\/types\/page"}],"author":[{"embeddable":true,"href":"https:\/\/saunatrip.ee\/blog\/wp-json\/wp\/v2\/users\/1"}],"replies":[{"embeddable":true,"href":"https:\/\/saunatrip.ee\/blog\/wp-json\/wp\/v2\/comments?post=6"}],"version-history":[{"count":58,"href":"https:\/\/saunatrip.ee\/blog\/wp-json\/wp\/v2\/pages\/6\/revisions"}],"predecessor-version":[{"id":372,"href":"https:\/\/saunatrip.ee\/blog\/wp-json\/wp\/v2\/pages\/6\/revisions\/372"}],"wp:attachment":[{"href":"https:\/\/saunatrip.ee\/blog\/wp-json\/wp\/v2\/media?parent=6"}],"curies":[{"name":"wp","href":"https:\/\/api.w.org\/{rel}","templated":true}]}}