{"id":311,"date":"2025-01-29T22:54:23","date_gmt":"2025-01-29T22:54:23","guid":{"rendered":"https:\/\/saunatrip.ee\/blog\/?page_id=311"},"modified":"2025-01-29T23:02:31","modified_gmt":"2025-01-29T23:02:31","slug":"postitused","status":"publish","type":"page","link":"https:\/\/saunatrip.ee\/blog\/postitused\/","title":{"rendered":"Postitused"},"content":{"rendered":"\t\t<div data-elementor-type=\"wp-page\" data-elementor-id=\"311\" class=\"elementor elementor-311\">\n\t\t\t\t<div class=\"elementor-element elementor-element-50af55ac e-flex e-con-boxed e-con e-parent\" data-id=\"50af55ac\" data-element_type=\"container\" data-settings=\"{&quot;background_background&quot;:&quot;gradient&quot;,&quot;shape_divider_bottom&quot;:&quot;curve-asymmetrical&quot;,&quot;shape_divider_bottom_negative&quot;:&quot;yes&quot;}\">\n\t\t\t\t\t<div class=\"e-con-inner\">\n\t\t\t\t<div class=\"elementor-shape elementor-shape-bottom\" data-negative=\"true\">\n\t\t\t<svg xmlns=\"http:\/\/www.w3.org\/2000\/svg\" viewBox=\"0 0 1000 100\" preserveAspectRatio=\"none\">\n\t<path class=\"elementor-shape-fill\" d=\"M615.2,96.7C240.2,97.8,0,18.9,0,0v100h1000V0C1000,19.2,989.8,96,615.2,96.7z\"\/>\n<\/svg>\t\t<\/div>\n\t\t\t\t<div class=\"elementor-element elementor-element-9952efa elementor-widget elementor-widget-heading\" data-id=\"9952efa\" data-element_type=\"widget\" data-widget_type=\"heading.default\">\n\t\t\t\t<div class=\"elementor-widget-container\">\n\t\t\t\t\t<h1 class=\"elementor-heading-title elementor-size-default\">Postitused<\/h1>\t\t\t\t<\/div>\n\t\t\t\t<\/div>\n\t\t\t\t\t<\/div>\n\t\t\t\t<\/div>\n\t\t<div class=\"elementor-element elementor-element-876f3b1 e-flex e-con-boxed e-con e-parent\" data-id=\"876f3b1\" data-element_type=\"container\">\n\t\t\t\t\t<div class=\"e-con-inner\">\n\t\t\t\t<div class=\"elementor-element elementor-element-ef3cbbc elementor-widget elementor-widget-elementskit-blog-posts\" data-id=\"ef3cbbc\" data-element_type=\"widget\" data-widget_type=\"elementskit-blog-posts.default\">\n\t\t\t\t<div class=\"elementor-widget-container\">\n\t\t\t\t\t<div class=\"ekit-wid-con\" >        <div id=\"post-items--ef3cbbc\" class=\"row post-items\" data-masonry-config=\"true\">\n                    <div class=\"col-lg-6 col-md-6\">\n\n                                    <div class=\"elementskit-post-image-card\">\n                        <div class=\"elementskit-entry-header\">\n                                                            <a href=\"https:\/\/saunatrip.ee\/blog\/taliujumine-ja-saun-mida-silmas-pidada\/\" class=\"elementskit-entry-thumb\">\n                                    <img decoding=\"async\" src=\"https:\/\/saunatrip.ee\/blog\/wp-content\/uploads\/2025\/01\/taliujumine-1024x788.png\" alt=\"Taliujumine ja saun \u2014 mida silmas pidada?\">\n                                <\/a><!-- .elementskit-entry-thumb END -->\n                                                            \n                            \n\t\t\t\t\t\t\t\t\t\t\t\t\t<\/div><!-- .elementskit-entry-header END -->\n\n\t\t\t\t\t\t<div class=\"elementskit-post-body \">\n\t\t\t\t\t\t\t\n\t\t\t\t\t\t\t\t\t\t\t\t\t\t\t\t\t\t\t\t\t\t\t\t\t\t\t\t\t\t\n\t\t\t\t\t\t\t\t\n\t\t\t\t\t\t\t\t\t\t\t\t\t\t\t\t\t\t\t\t\t<h2 class=\"entry-title\">\n\t\t\t\t\t<a href=\"https:\/\/saunatrip.ee\/blog\/taliujumine-ja-saun-mida-silmas-pidada\/\">\n\t\t\t\t\t\tTaliujumine ja saun \u2014 mida silmas pidada?\t\t\t\t\t<\/a>\n\t\t\t\t<\/h2>\n\t\t\t\t\t\t\t\t\t\t\t\t\t\t\t\t\t\t\t\t\t\t\t\t\t\t\t\t\t\t\t\t\t\t\t\t\t\t\t\t\t\t<p>Talisuplemine on viimastel aastatel m\u00e4rgatavalt populaarsust kogunud &#8211; t\u00f5en\u00e4oliselt on iga teine inimene selle verdtarretamapaneva tegevusega mingilgi m\u00e4\u00e4ral kokku puutunud. Talisuplemisel on tervisele teatavasti \u00fcsna positiivsed m\u00f5jud, kuid oluline on&hellip;<\/p>\n\t\t\t\t\t\t\t\t\t\t\t\t\t\t\t\t\t\t\t\t\t\t                                                            <div class=\"btn-wraper\">\n                                    \n                                                                            <a class=\"elementskit-btn whitespace--normal\" id=\"\" href=\"https:\/\/saunatrip.ee\/blog\/taliujumine-ja-saun-mida-silmas-pidada\/\">\n                                        \t                                            Loe edasi                                        <\/a>\n                                                                    <\/div>\n                                                    <\/div><!-- .elementskit-post-body END -->\n                    <\/div>\n                \n            <\/div>\n                    <div class=\"col-lg-6 col-md-6\">\n\n                                    <div class=\"elementskit-post-image-card\">\n                        <div class=\"elementskit-entry-header\">\n                                                            <a href=\"https:\/\/saunatrip.ee\/blog\/kasulik-nipp-kuidas-valmistada-talveks-varskeid-kasevihtasid\/\" class=\"elementskit-entry-thumb\">\n                                    <img decoding=\"async\" src=\"https:\/\/saunatrip.ee\/blog\/wp-content\/uploads\/2018\/07\/pilt2.png\" alt=\"Kasulik nipp: kuidas valmistada talveks v\u00e4rskeid kasevihtasid?\">\n                                <\/a><!-- .elementskit-entry-thumb END -->\n                                                            \n                            \n\t\t\t\t\t\t\t\t\t\t\t\t\t<\/div><!-- .elementskit-entry-header END -->\n\n\t\t\t\t\t\t<div class=\"elementskit-post-body \">\n\t\t\t\t\t\t\t\n\t\t\t\t\t\t\t\t\t\t\t\t\t\t\t\t\t\t\t\t\t\t\t\t\t\t\t\t\t\t\n\t\t\t\t\t\t\t\t\n\t\t\t\t\t\t\t\t\t\t\t\t\t\t\t\t\t\t\t\t\t<h2 class=\"entry-title\">\n\t\t\t\t\t<a href=\"https:\/\/saunatrip.ee\/blog\/kasulik-nipp-kuidas-valmistada-talveks-varskeid-kasevihtasid\/\">\n\t\t\t\t\t\tKasulik nipp: kuidas valmistada talveks v\u00e4rskeid kasevihtasid?\t\t\t\t\t<\/a>\n\t\t\t\t<\/h2>\n\t\t\t\t\t\t\t\t\t\t\t\t\t\t\t\t\t\t\t\t\t\t\t\t\t\t\t\t\t\t\t\t\t\t\t\t\t\t\t\t\t\t<p>Enamlevinud arusaam on, et kasevihad tuleb valmis teha jaanip\u00e4evaks ning seej\u00e4rel riputada need kahekaupa kuivama. Sellise teguviisi juures saame suviti kasutada m\u00f5nusa v\u00e4rske l\u00f5hnaga kasevihtasid ning talviti peame leppima kuivanud&hellip;<\/p>\n\t\t\t\t\t\t\t\t\t\t\t\t\t\t\t\t\t\t\t\t\t\t                                                            <div class=\"btn-wraper\">\n                                    \n                                                                            <a class=\"elementskit-btn whitespace--normal\" id=\"\" href=\"https:\/\/saunatrip.ee\/blog\/kasulik-nipp-kuidas-valmistada-talveks-varskeid-kasevihtasid\/\">\n                                        \t                                            Loe edasi                                        <\/a>\n                                                                    <\/div>\n                                                    <\/div><!-- .elementskit-post-body END -->\n                    <\/div>\n                \n            <\/div>\n                    <div class=\"col-lg-6 col-md-6\">\n\n                                    <div class=\"elementskit-post-image-card\">\n                        <div class=\"elementskit-entry-header\">\n                                                            <a href=\"https:\/\/saunatrip.ee\/blog\/miks-kasutada-saunamutse\/\" class=\"elementskit-entry-thumb\">\n                                    <img decoding=\"async\" src=\"https:\/\/saunatrip.ee\/blog\/wp-content\/uploads\/2017\/12\/125-e1514253494659.jpg\" alt=\"Saunam\u00fctsid &#8211; milleks?\">\n                                <\/a><!-- .elementskit-entry-thumb END -->\n                                                            \n                            \n\t\t\t\t\t\t\t\t\t\t\t\t\t<\/div><!-- .elementskit-entry-header END -->\n\n\t\t\t\t\t\t<div class=\"elementskit-post-body \">\n\t\t\t\t\t\t\t\n\t\t\t\t\t\t\t\t\t\t\t\t\t\t\t\t\t\t\t\t\t\t\t\t\t\t\t\t\t\t\n\t\t\t\t\t\t\t\t\n\t\t\t\t\t\t\t\t\t\t\t\t\t\t\t\t\t\t\t\t\t<h2 class=\"entry-title\">\n\t\t\t\t\t<a href=\"https:\/\/saunatrip.ee\/blog\/miks-kasutada-saunamutse\/\">\n\t\t\t\t\t\tSaunam\u00fctsid &#8211; milleks?\t\t\t\t\t<\/a>\n\t\t\t\t<\/h2>\n\t\t\t\t\t\t\t\t\t\t\t\t\t\t\t\t\t\t\t\t\t\t\t\t\t\t\t\t\t\t\t\t\t\t\t\t\t\t\t\t\t\t<p>Mis asi on saunam\u00fcts ja milleks saunam\u00fctse saunas kasutada? Tihtipeale on saunahuvilistel tekkinud k\u00fcsimus &#8211; milleks saunam\u00fctsid vajalikud on? Siit leiad&nbsp;2 head p\u00f5hjust, mille jaoks need leiliv\u00f5tmise ajal lausa h\u00e4davajalikud&hellip;<\/p>\n\t\t\t\t\t\t\t\t\t\t\t\t\t\t\t\t\t\t\t\t\t\t                                                            <div class=\"btn-wraper\">\n                                    \n                                                                            <a class=\"elementskit-btn whitespace--normal\" id=\"\" href=\"https:\/\/saunatrip.ee\/blog\/miks-kasutada-saunamutse\/\">\n                                        \t                                            Loe edasi                                        <\/a>\n                                                                    <\/div>\n                                                    <\/div><!-- .elementskit-post-body END -->\n                    <\/div>\n                \n            <\/div>\n                    <div class=\"col-lg-6 col-md-6\">\n\n                                    <div class=\"elementskit-post-image-card\">\n                        <div class=\"elementskit-entry-header\">\n                                                            <a href=\"https:\/\/saunatrip.ee\/blog\/huvitav-saunaintsident-mis-viis-ideest-teostuseni\/\" class=\"elementskit-entry-thumb\">\n                                    <img decoding=\"async\" src=\"https:\/\/saunatrip.ee\/blog\/wp-content\/uploads\/2017\/11\/5729885t1h6524-1024x373.jpg\" alt=\"Huvitav saunaintsident, mis viis ideest teostuseni\">\n                                <\/a><!-- .elementskit-entry-thumb END -->\n                                                            \n                            \n\t\t\t\t\t\t\t\t\t\t\t\t\t<\/div><!-- .elementskit-entry-header END -->\n\n\t\t\t\t\t\t<div class=\"elementskit-post-body \">\n\t\t\t\t\t\t\t\n\t\t\t\t\t\t\t\t\t\t\t\t\t\t\t\t\t\t\t\t\t\t\t\t\t\t\t\t\t\t\n\t\t\t\t\t\t\t\t\n\t\t\t\t\t\t\t\t\t\t\t\t\t\t\t\t\t\t\t\t\t<h2 class=\"entry-title\">\n\t\t\t\t\t<a href=\"https:\/\/saunatrip.ee\/blog\/huvitav-saunaintsident-mis-viis-ideest-teostuseni\/\">\n\t\t\t\t\t\tHuvitav saunaintsident, mis viis ideest teostuseni\t\t\t\t\t<\/a>\n\t\t\t\t<\/h2>\n\t\t\t\t\t\t\t\t\t\t\t\t\t\t\t\t\t\t\t\t\t\t\t\t\t\t\t\t\t\t\t\t\t\t\t\t\t\t\t\t\t\t<p>Tere, armsad Saunatripi s\u00f5brad! \ud83d\ude42M\u00f5tlesin, et jagan siin kirjat\u00fckis teie k\u00f5igiga Saunatripi s\u00fcnniloo, sest v\u00e4ga paljud inimesed on minult k\u00fcsinud: &#8220;Sander, kuidas sulle tuli p\u00e4he m\u00f5te ehitada haagissaun ja seda&hellip;<\/p>\n\t\t\t\t\t\t\t\t\t\t\t\t\t\t\t\t\t\t\t\t\t\t                                                            <div class=\"btn-wraper\">\n                                    \n                                                                            <a class=\"elementskit-btn whitespace--normal\" id=\"\" href=\"https:\/\/saunatrip.ee\/blog\/huvitav-saunaintsident-mis-viis-ideest-teostuseni\/\">\n                                        \t                                            Loe edasi                                        <\/a>\n                                                                    <\/div>\n                                                    <\/div><!-- .elementskit-post-body END -->\n                    <\/div>\n                \n            <\/div>\n                    <div class=\"col-lg-6 col-md-6\">\n\n                                    <div class=\"elementskit-post-image-card\">\n                        <div class=\"elementskit-entry-header\">\n                                                            <a href=\"https:\/\/saunatrip.ee\/blog\/regulaarne-saunaskaimine-on-seotud-pikema-eluea-ja-parema-tervisega\/\" class=\"elementskit-entry-thumb\">\n                                    <img decoding=\"async\" src=\"https:\/\/saunatrip.ee\/blog\/wp-content\/uploads\/2017\/09\/Sauna-Wallpaper-1024x576.jpg\" alt=\"Regulaarne saunask\u00e4imine on seotud pikema eluea ja parema tervisega\">\n                                <\/a><!-- .elementskit-entry-thumb END -->\n                                                            \n                            \n\t\t\t\t\t\t\t\t\t\t\t\t\t<\/div><!-- .elementskit-entry-header END -->\n\n\t\t\t\t\t\t<div class=\"elementskit-post-body \">\n\t\t\t\t\t\t\t\n\t\t\t\t\t\t\t\t\t\t\t\t\t\t\t\t\t\t\t\t\t\t\t\t\t\t\t\t\t\t\n\t\t\t\t\t\t\t\t\n\t\t\t\t\t\t\t\t\t\t\t\t\t\t\t\t\t\t\t\t\t<h2 class=\"entry-title\">\n\t\t\t\t\t<a href=\"https:\/\/saunatrip.ee\/blog\/regulaarne-saunaskaimine-on-seotud-pikema-eluea-ja-parema-tervisega\/\">\n\t\t\t\t\t\tRegulaarne saunask\u00e4imine on seotud pikema eluea ja parema tervisega\t\t\t\t\t<\/a>\n\t\t\t\t<\/h2>\n\t\t\t\t\t\t\t\t\t\t\t\t\t\t\t\t\t\t\t\t\t\t\t\t\t\t\t\t\t\t\t\t\t\t\t\t\t\t\t\t\t\t<p>Eluea pikendamine ja elukvaliteedi parandamine on vahel lihtsamad, kui me arvata oskame. Tahad elada kauem ja parandada oma s\u00fcdame-veresoonkonna tervist &#8211; mine sauna. Soovitavalt v\u00e4hemalt neli korda n\u00e4dalas. See n\u00e4ib&hellip;<\/p>\n\t\t\t\t\t\t\t\t\t\t\t\t\t\t\t\t\t\t\t\t\t\t                                                            <div class=\"btn-wraper\">\n                                    \n                                                                            <a class=\"elementskit-btn whitespace--normal\" id=\"\" href=\"https:\/\/saunatrip.ee\/blog\/regulaarne-saunaskaimine-on-seotud-pikema-eluea-ja-parema-tervisega\/\">\n                                        \t                                            Loe edasi                                        <\/a>\n                                                                    <\/div>\n                                                    <\/div><!-- .elementskit-post-body END -->\n                    <\/div>\n                \n            <\/div>\n                    <div class=\"col-lg-6 col-md-6\">\n\n                                    <div class=\"elementskit-post-image-card\">\n                        <div class=\"elementskit-entry-header\">\n                                                            <a href=\"https:\/\/saunatrip.ee\/blog\/kulastasime-talisuplejaid\/\" class=\"elementskit-entry-thumb\">\n                                    <img decoding=\"async\" src=\"https:\/\/saunatrip.ee\/blog\/wp-content\/uploads\/2017\/04\/social5-1024x683.jpg\" alt=\"K\u00fclastasime talisuplejaid\">\n                                <\/a><!-- .elementskit-entry-thumb END -->\n                                                            \n                            \n\t\t\t\t\t\t\t\t\t\t\t\t\t<\/div><!-- .elementskit-entry-header END -->\n\n\t\t\t\t\t\t<div class=\"elementskit-post-body \">\n\t\t\t\t\t\t\t\n\t\t\t\t\t\t\t\t\t\t\t\t\t\t\t\t\t\t\t\t\t\t\t\t\t\t\t\t\t\t\n\t\t\t\t\t\t\t\t\n\t\t\t\t\t\t\t\t\t\t\t\t\t\t\t\t\t\t\t\t\t<h2 class=\"entry-title\">\n\t\t\t\t\t<a href=\"https:\/\/saunatrip.ee\/blog\/kulastasime-talisuplejaid\/\">\n\t\t\t\t\t\tK\u00fclastasime talisuplejaid\t\t\t\t\t<\/a>\n\t\t\t\t<\/h2>\n\t\t\t\t\t\t\t\t\t\t\t\t\t\t\t\t\t\t\t\t\t\t\t\t\t\t\t\t\t\t\t\t\t\t\t\t\t\t\t\t\t\t<p>Eestlane on l\u00e4bi ajaloo v\u00f5tnud oma mainet kaunistama mitmeid uhkeid ja suursuguseid tiitleid. K\u00fcll me oleme laulurahvas, siis tantsurahvas, itirahvas, metsa- ja p\u00f5llurahvas, saunarahvas. Ja miks siis juba mitte &#8211;&hellip;<\/p>\n\t\t\t\t\t\t\t\t\t\t\t\t\t\t\t\t\t\t\t\t\t\t                                                            <div class=\"btn-wraper\">\n                                    \n                                                                            <a class=\"elementskit-btn whitespace--normal\" id=\"\" href=\"https:\/\/saunatrip.ee\/blog\/kulastasime-talisuplejaid\/\">\n                                        \t                                            Loe edasi                                        <\/a>\n                                                                    <\/div>\n                                                    <\/div><!-- .elementskit-post-body END -->\n                    <\/div>\n                \n            <\/div>\n                    <div class=\"col-lg-6 col-md-6\">\n\n                                    <div class=\"elementskit-post-image-card\">\n                        <div class=\"elementskit-entry-header\">\n                                                            <a href=\"https:\/\/saunatrip.ee\/blog\/7-saunaskaigu-imeparast-moju-sinu-tervisele\/\" class=\"elementskit-entry-thumb\">\n                                    <img decoding=\"async\" src=\"https:\/\/saunatrip.ee\/blog\/wp-content\/uploads\/2017\/02\/women-936549_1920-1024x666.jpg\" alt=\"7 saunask\u00e4igu imep\u00e4rast m\u00f5ju Sinu tervisele\">\n                                <\/a><!-- .elementskit-entry-thumb END -->\n                                                            \n                            \n\t\t\t\t\t\t\t\t\t\t\t\t\t<\/div><!-- .elementskit-entry-header END -->\n\n\t\t\t\t\t\t<div class=\"elementskit-post-body \">\n\t\t\t\t\t\t\t\n\t\t\t\t\t\t\t\t\t\t\t\t\t\t\t\t\t\t\t\t\t\t\t\t\t\t\t\t\t\t\n\t\t\t\t\t\t\t\t\n\t\t\t\t\t\t\t\t\t\t\t\t\t\t\t\t\t\t\t\t\t<h2 class=\"entry-title\">\n\t\t\t\t\t<a href=\"https:\/\/saunatrip.ee\/blog\/7-saunaskaigu-imeparast-moju-sinu-tervisele\/\">\n\t\t\t\t\t\t7 saunask\u00e4igu imep\u00e4rast m\u00f5ju Sinu tervisele\t\t\t\t\t<\/a>\n\t\t\t\t<\/h2>\n\t\t\t\t\t\t\t\t\t\t\t\t\t\t\t\t\t\t\t\t\t\t\t\t\t\t\t\t\t\t\t\t\t\t\t\t\t\t\t\t\t\t<p>1) Saun v\u00e4hendab stressi ja tervendab vaimu Inimestel on pidevalt kiire ja kohustused ning erinevad pinged v\u00f5ivad vaimselt v\u00e4ga koormavaks osutuda. Erinevad uuringud on n\u00e4idanud, et stress on \u00fcks enamlevinud&hellip;<\/p>\n\t\t\t\t\t\t\t\t\t\t\t\t\t\t\t\t\t\t\t\t\t\t                                                            <div class=\"btn-wraper\">\n                                    \n                                                                            <a class=\"elementskit-btn whitespace--normal\" id=\"\" href=\"https:\/\/saunatrip.ee\/blog\/7-saunaskaigu-imeparast-moju-sinu-tervisele\/\">\n                                        \t                                            Loe edasi                                        <\/a>\n                                                                    <\/div>\n                                                    <\/div><!-- .elementskit-post-body END -->\n                    <\/div>\n                \n            <\/div>\n                    <div class=\"col-lg-6 col-md-6\">\n\n                                    <div class=\"elementskit-post-image-card\">\n                        <div class=\"elementskit-entry-header\">\n                                                            <a href=\"https:\/\/saunatrip.ee\/blog\/teadmisi-erinevatest-vihtadest\/\" class=\"elementskit-entry-thumb\">\n                                    <img decoding=\"async\" src=\"https:\/\/saunatrip.ee\/blog\/wp-content\/uploads\/2016\/09\/vihad.jpg\" alt=\"Teadmisi erinevatest vihtadest\">\n                                <\/a><!-- .elementskit-entry-thumb END -->\n                                                            \n                            \n\t\t\t\t\t\t\t\t\t\t\t\t\t<\/div><!-- .elementskit-entry-header END -->\n\n\t\t\t\t\t\t<div class=\"elementskit-post-body \">\n\t\t\t\t\t\t\t\n\t\t\t\t\t\t\t\t\t\t\t\t\t\t\t\t\t\t\t\t\t\t\t\t\t\t\t\t\t\t\n\t\t\t\t\t\t\t\t\n\t\t\t\t\t\t\t\t\t\t\t\t\t\t\t\t\t\t\t\t\t<h2 class=\"entry-title\">\n\t\t\t\t\t<a href=\"https:\/\/saunatrip.ee\/blog\/teadmisi-erinevatest-vihtadest\/\">\n\t\t\t\t\t\tTeadmisi erinevatest vihtadest\t\t\t\t\t<\/a>\n\t\t\t\t<\/h2>\n\t\t\t\t\t\t\t\t\t\t\t\t\t\t\t\t\t\t\t\t\t\t\t\t\t\t\t\t\t\t\t\t\t\t\t\t\t\t\t\t\t\t<p>Saunas k\u00e4ies on ikka tavaks krabada kaasa \u00fcks-kaks vihta, millega korralikult ennast ja saunakaaslasi n\u00fcpeldada saab. Enamasti kasutatakse v\u00e4rsket v\u00f5i kuivanud kasevihta. Vihtasid on aga palju ning \u00fcldiselt ei kipu&hellip;<\/p>\n\t\t\t\t\t\t\t\t\t\t\t\t\t\t\t\t\t\t\t\t\t\t                                                            <div class=\"btn-wraper\">\n                                    \n                                                                            <a class=\"elementskit-btn whitespace--normal\" id=\"\" href=\"https:\/\/saunatrip.ee\/blog\/teadmisi-erinevatest-vihtadest\/\">\n                                        \t                                            Loe edasi                                        <\/a>\n                                                                    <\/div>\n                                                    <\/div><!-- .elementskit-post-body END -->\n                    <\/div>\n                \n            <\/div>\n                <\/div>\n       <\/div>\t\t\t\t<\/div>\n\t\t\t\t<\/div>\n\t\t\t\t\t<\/div>\n\t\t\t\t<\/div>\n\t\t\t\t<\/div>\n\t\t","protected":false},"excerpt":{"rendered":"","protected":false},"author":1,"featured_media":0,"parent":0,"menu_order":0,"comment_status":"closed","ping_status":"closed","template":"","meta":{"inline_featured_image":false,"footnotes":""},"class_list":["post-311","page","type-page","status-publish","hentry"],"_links":{"self":[{"href":"https:\/\/saunatrip.ee\/blog\/wp-json\/wp\/v2\/pages\/311","targetHints":{"allow":["GET"]}}],"collection":[{"href":"https:\/\/saunatrip.ee\/blog\/wp-json\/wp\/v2\/pages"}],"about":[{"href":"https:\/\/saunatrip.ee\/blog\/wp-json\/wp\/v2\/types\/page"}],"author":[{"embeddable":true,"href":"https:\/\/saunatrip.ee\/blog\/wp-json\/wp\/v2\/users\/1"}],"replies":[{"embeddable":true,"href":"https:\/\/saunatrip.ee\/blog\/wp-json\/wp\/v2\/comments?post=311"}],"version-history":[{"count":6,"href":"https:\/\/saunatrip.ee\/blog\/wp-json\/wp\/v2\/pages\/311\/revisions"}],"predecessor-version":[{"id":325,"href":"https:\/\/saunatrip.ee\/blog\/wp-json\/wp\/v2\/pages\/311\/revisions\/325"}],"wp:attachment":[{"href":"https:\/\/saunatrip.ee\/blog\/wp-json\/wp\/v2\/media?parent=311"}],"curies":[{"name":"wp","href":"https:\/\/api.w.org\/{rel}","templated":true}]}}